{"id":11,"date":"2016-03-21T15:35:26","date_gmt":"2016-03-21T15:35:26","guid":{"rendered":"http:\/\/ksiegowosc-zary.pl\/?page_id=11"},"modified":"2024-11-08T14:48:08","modified_gmt":"2024-11-08T14:48:08","slug":"kontakt","status":"publish","type":"page","link":"https:\/\/ksiegowosc-zary.pl\/?page_id=11","title":{"rendered":"KONTAKT"},"content":{"rendered":"<table border=\"0\">\n<tbody>\n<tr>\n<td>Biuro Rachunkowe KARAN<br \/>\nPl. Wyszy\u0144skiego 1<br \/>\n68-200 \u017baryGodziny pracy:<br \/>\npn. &#8211; pt. 7 &#8211; 15<\/p>\n<p>Alicja Miasik &#8211; 509395936<\/p>\n<p><strong>I pi\u0119tro tel. 533602100<\/strong><\/p>\n<p><strong>tel. 68 470 91 99<\/strong><\/p>\n<p>Beata Ochman<\/p>\n<p>Monika Kuczma<\/p>\n<p>Sabina Miko\u0142ajczyk<\/p>\n<p><strong>II pi\u0119tro tel. 533607100<\/strong><\/p>\n<p><strong>tel. 68 470 64 11<\/strong><\/p>\n<p>Wioletta Rzepka<\/p>\n<p>fax. 684706406<\/td>\n<td>\n<div class=\"wpcf7 no-js\" id=\"wpcf7-f22-o1\" lang=\"pl-PL\" dir=\"ltr\" data-wpcf7-id=\"22\">\n<div class=\"screen-reader-response\"><p role=\"status\" aria-live=\"polite\" aria-atomic=\"true\"><\/p> <ul><\/ul><\/div>\n<form action=\"\/index.php?rest_route=%2Fwp%2Fv2%2Fpages%2F11#wpcf7-f22-o1\" method=\"post\" class=\"wpcf7-form init\" aria-label=\"Formularz kontaktowy\" novalidate=\"novalidate\" data-status=\"init\">\n<div style=\"display: none;\">\n<input type=\"hidden\" name=\"_wpcf7\" value=\"22\" \/>\n<input type=\"hidden\" name=\"_wpcf7_version\" value=\"6.0\" \/>\n<input type=\"hidden\" name=\"_wpcf7_locale\" value=\"pl_PL\" \/>\n<input type=\"hidden\" name=\"_wpcf7_unit_tag\" value=\"wpcf7-f22-o1\" \/>\n<input type=\"hidden\" name=\"_wpcf7_container_post\" value=\"0\" \/>\n<input type=\"hidden\" name=\"_wpcf7_posted_data_hash\" value=\"\" \/>\n<\/div>\n<p>Imi\u0119 i nazwisko (wymagane)\n<\/p>\n<p><span class=\"wpcf7-form-control-wrap\" data-name=\"your-name\"><input size=\"40\" maxlength=\"400\" class=\"wpcf7-form-control wpcf7-text wpcf7-validates-as-required\" aria-required=\"true\" aria-invalid=\"false\" value=\"\" type=\"text\" name=\"your-name\" \/><\/span>\n<\/p>\n<p>Adres email (wymagane)\n<\/p>\n<p><span class=\"wpcf7-form-control-wrap\" data-name=\"your-email\"><input size=\"40\" maxlength=\"400\" class=\"wpcf7-form-control wpcf7-email wpcf7-validates-as-required wpcf7-text wpcf7-validates-as-email\" aria-required=\"true\" aria-invalid=\"false\" value=\"\" type=\"email\" name=\"your-email\" \/><\/span>\n<\/p>\n<p>Temat\n<\/p>\n<p><span class=\"wpcf7-form-control-wrap\" data-name=\"your-subject\"><input size=\"40\" maxlength=\"400\" class=\"wpcf7-form-control wpcf7-text\" aria-invalid=\"false\" value=\"\" type=\"text\" name=\"your-subject\" \/><\/span>\n<\/p>\n<p>Tre\u015b\u0107 wiadomo\u015bci\n<\/p>\n<p><span class=\"wpcf7-form-control-wrap\" data-name=\"your-message\"><textarea cols=\"40\" rows=\"10\" maxlength=\"2000\" class=\"wpcf7-form-control wpcf7-textarea\" aria-invalid=\"false\" name=\"your-message\"><\/textarea><\/span>\n<\/p>\n<p><input class=\"wpcf7-form-control wpcf7-submit has-spinner\" type=\"submit\" value=\"Wy\u015blij\" \/>\n<\/p><div class=\"wpcf7-response-output\" aria-hidden=\"true\"><\/div>\n<\/form>\n<\/div>\n<\/td>\n<\/tr>\n<\/tbody>\n<\/table>\n","protected":false},"excerpt":{"rendered":"<p>Biuro Rachunkowe KARAN Pl. Wyszy\u0144skiego 1 68-200 \u017baryGodziny pracy: pn. &#8211; pt. 7 &#8211; 15 Alicja Miasik &#8211; 509395936 I pi\u0119tro tel. 533602100 tel. 68 470 91 99 Beata Ochman Monika Kuczma Sabina Miko\u0142ajczyk II pi\u0119tro tel. 533607100 tel. 68 470 64 11 Wioletta Rzepka fax. 684706406<\/p>\n","protected":false},"author":1,"featured_media":0,"parent":0,"menu_order":0,"comment_status":"closed","ping_status":"closed","template":"","meta":{"footnotes":""},"class_list":["post-11","page","type-page","status-publish","hentry"],"wppr_data":{"cwp_meta_box_check":"No"},"_links":{"self":[{"href":"https:\/\/ksiegowosc-zary.pl\/index.php?rest_route=\/wp\/v2\/pages\/11"}],"collection":[{"href":"https:\/\/ksiegowosc-zary.pl\/index.php?rest_route=\/wp\/v2\/pages"}],"about":[{"href":"https:\/\/ksiegowosc-zary.pl\/index.php?rest_route=\/wp\/v2\/types\/page"}],"author":[{"embeddable":true,"href":"https:\/\/ksiegowosc-zary.pl\/index.php?rest_route=\/wp\/v2\/users\/1"}],"replies":[{"embeddable":true,"href":"https:\/\/ksiegowosc-zary.pl\/index.php?rest_route=%2Fwp%2Fv2%2Fcomments&post=11"}],"version-history":[{"count":24,"href":"https:\/\/ksiegowosc-zary.pl\/index.php?rest_route=\/wp\/v2\/pages\/11\/revisions"}],"predecessor-version":[{"id":107,"href":"https:\/\/ksiegowosc-zary.pl\/index.php?rest_route=\/wp\/v2\/pages\/11\/revisions\/107"}],"wp:attachment":[{"href":"https:\/\/ksiegowosc-zary.pl\/index.php?rest_route=%2Fwp%2Fv2%2Fmedia&parent=11"}],"curies":[{"name":"wp","href":"https:\/\/api.w.org\/{rel}","templated":true}]}}