{"id":7,"date":"2016-03-21T15:34:08","date_gmt":"2016-03-21T15:34:08","guid":{"rendered":"http:\/\/ksiegowosc-zary.pl\/?page_id=7"},"modified":"2016-03-23T06:35:36","modified_gmt":"2016-03-23T06:35:36","slug":"oferta","status":"publish","type":"page","link":"https:\/\/ksiegowosc-zary.pl\/?page_id=7","title":{"rendered":"OFERTA"},"content":{"rendered":"<h2>Us\u0142ugi oferowane przez nasz\u0105 firm\u0119:<\/h2>\n<ul>\n<li>uproszczon\u0105 i pe\u0142n\u0105 rachunkowo\u015b\u0107 firm<\/li>\n<li>ksi\u0119gi rachunkowe<\/li>\n<li>podatkowa ksi\u0119ga przychod\u00f3w i rozchod\u00f3w<\/li>\n<li>ewidencja podatkowa rycza\u0142tu ewidencjonowanego<\/li>\n<li>rejestr zakup\u00f3w i sprzeda\u017cy VAT<\/li>\n<li>ewidencja \u015brodk\u00f3w trwa\u0142ych i wyposa\u017cenia<\/li>\n<li>sporz\u0105dzanie deklaracji podatkowych<\/li>\n<li>obs\u0142uga kadrowo\u00a0p\u0142acowa<\/li>\n<li>sporz\u0105dzanie rocznych deklaracji podatkowych PIT<\/li>\n<li>rozliczanie roczne os\u00f3b fizycznych nieprowadz\u0105cych dzia\u0142alno\u015bci gospodarczej PIT-37,PIT 38<\/li>\n<li>rozliczenia roczne PIT-36,PIT-39<\/li>\n<li>rozliczenia dochod\u00f3w z zagranicy<\/li>\n<\/ul>\n","protected":false},"excerpt":{"rendered":"<p>Us\u0142ugi oferowane przez nasz\u0105 firm\u0119: uproszczon\u0105 i pe\u0142n\u0105 rachunkowo\u015b\u0107 firm ksi\u0119gi rachunkowe podatkowa ksi\u0119ga przychod\u00f3w i rozchod\u00f3w ewidencja podatkowa rycza\u0142tu ewidencjonowanego rejestr zakup\u00f3w i sprzeda\u017cy VAT ewidencja \u015brodk\u00f3w trwa\u0142ych i wyposa\u017cenia sporz\u0105dzanie deklaracji podatkowych obs\u0142uga kadrowo\u00a0p\u0142acowa sporz\u0105dzanie rocznych deklaracji podatkowych PIT rozliczanie roczne os\u00f3b fizycznych nieprowadz\u0105cych dzia\u0142alno\u015bci gospodarczej PIT-37,PIT 38 rozliczenia roczne PIT-36,PIT-39 rozliczenia dochod\u00f3w [&hellip;]<\/p>\n","protected":false},"author":1,"featured_media":0,"parent":0,"menu_order":0,"comment_status":"closed","ping_status":"closed","template":"","meta":{"footnotes":""},"class_list":["post-7","page","type-page","status-publish","hentry"],"wppr_data":[],"_links":{"self":[{"href":"https:\/\/ksiegowosc-zary.pl\/index.php?rest_route=\/wp\/v2\/pages\/7"}],"collection":[{"href":"https:\/\/ksiegowosc-zary.pl\/index.php?rest_route=\/wp\/v2\/pages"}],"about":[{"href":"https:\/\/ksiegowosc-zary.pl\/index.php?rest_route=\/wp\/v2\/types\/page"}],"author":[{"embeddable":true,"href":"https:\/\/ksiegowosc-zary.pl\/index.php?rest_route=\/wp\/v2\/users\/1"}],"replies":[{"embeddable":true,"href":"https:\/\/ksiegowosc-zary.pl\/index.php?rest_route=%2Fwp%2Fv2%2Fcomments&post=7"}],"version-history":[{"count":6,"href":"https:\/\/ksiegowosc-zary.pl\/index.php?rest_route=\/wp\/v2\/pages\/7\/revisions"}],"predecessor-version":[{"id":37,"href":"https:\/\/ksiegowosc-zary.pl\/index.php?rest_route=\/wp\/v2\/pages\/7\/revisions\/37"}],"wp:attachment":[{"href":"https:\/\/ksiegowosc-zary.pl\/index.php?rest_route=%2Fwp%2Fv2%2Fmedia&parent=7"}],"curies":[{"name":"wp","href":"https:\/\/api.w.org\/{rel}","templated":true}]}}